{"id":13,"date":"2020-04-02T11:39:48","date_gmt":"2020-04-02T11:39:48","guid":{"rendered":"http:\/\/avozdecambra.pt\/?page_id=13"},"modified":"2023-11-15T09:15:01","modified_gmt":"2023-11-15T09:15:01","slug":"estatuto-editorial","status":"publish","type":"page","link":"http:\/\/avozdecambra.pt\/?page_id=13","title":{"rendered":"Ficha t\u00e9cnica"},"content":{"rendered":"\n<p><strong>A Voz de Cambra &#8211; jornal mensal <\/strong><\/p>\n\n\n\n<p><strong>Edi\u00e7\u00e3o:<\/strong> <br>Qw\u00f4t &#8211; Comunica\u00e7\u00e3o e Design, Lda \u2014 NPC: 515804142&nbsp;<br>\u2014&nbsp;detentor de mais de 10% do Capital Social<\/p>\n\n\n\n<p><strong>Propriet\u00e1rio:<\/strong> <br>Cristina Maria Santos<\/p>\n\n\n\n<p><strong>Reda\u00e7\u00e3o e Administra\u00e7\u00e3o:<\/strong>&nbsp;<br>Av. Camilo Tavares de Matos, n. 28 &#8211; Loja U<br>3730 &#8211; 240 S. Pedro de Castel\u00f5es<br>Vale de Cambra<\/p>\n\n\n\n<p class=\"has-very-light-gray-color has-text-color has-background\" style=\"background-color:#2b2b2b\"><strong>Telefone:<\/strong> 256 186 902&nbsp;<br><strong>E-mail:<\/strong> geral@avozdecambra.pt &nbsp;<br><strong>Site:<\/strong> www.avozdecambra.pt<\/p>\n\n\n\n<p>Dep\u00f3sito Legal N\u00ba 29504\/89&nbsp;<br>T\u00edtulo com o Registo N\u00ba 100.039&nbsp;<\/p>\n\n\n\n<p><strong>Assinaturas<\/strong><br><strong>Nacional:<\/strong> 27.00\u20ac \u2014&nbsp; <strong>Internacional:<\/strong> 45.00\u20ac<br><strong>Pre\u00e7o avulso: <\/strong>1,90\u20ac \u2014 Inclui IVA \u00e0 taxa de 6%<\/p>\n\n\n\n<p><strong>Reda\u00e7\u00e3o: <\/strong>Cristina Maria Santos (CP 6765)<br>\u2014 cristina@avozdecambra.pt<\/p>\n\n\n\n<p><strong>Grafismo\/comercial:<\/strong> Ricardo Bastos<br>\u2014 rbastos@avozdecambra.pt<\/p>\n\n\n\n<p><strong>Impress\u00e3o: <\/strong>Lusoib\u00e9ria<\/p>\n\n\n\n<p><strong>Colaboradores:&nbsp;<\/strong><br>Ad\u00e3o Cruz; Adolfo Coutinho; Andr\u00e9 Machado; Ant\u00f3nio Correia de Pinho; Arlindo Gomes; Carlos Rodrigues; Carlos Torres; Cassilda Tavares; Delfim Almeida; Helena Barbosa; Jo\u00e3o Almeida; Jo\u00e3o Carvalho Silva; Joel Santos; Jos\u00e9 Peres; Lu\u00eds Almeida; M. J. T. Junqueira; Manuel de Almeida; Maria Clara Vide; Maria da Gra\u00e7a Pinho da Cruz; Maria Eduarda Couto; N\u00e9lson Martins; Paulo Franzini; Pedro Barreira; Sandra Lu\u00edsa; S\u00e9rgio Balanyuk; Tiago Fernandes.<\/p>\n\n\n\n<hr class=\"wp-block-separator has-text-color has-luminous-vivid-amber-color has-css-opacity has-luminous-vivid-amber-background-color has-background\"\/>\n\n\n\n<h2 class=\"wp-block-heading\">Estatuto editorial<\/h2>\n\n\n\n<ol class=\"wp-block-list\"><li>O\u00a0<strong>A Voz de Cambra<\/strong>\u00a0\u00e9 um jornal regional generalista, pluralista, independente, mas com convic\u00e7\u00f5es pr\u00f3prias.<\/li><\/ol>\n\n\n\n<ol class=\"wp-block-list\" start=\"2\"><li>O <strong>A&nbsp;Voz de Cambra<\/strong>&nbsp;\u00e9 um jornal independente de todos os poderes (pol\u00edticos, econ\u00f3micos, sociais, religiosos ou culturais), defendendo esse esp\u00edrito de independ\u00eancia tamb\u00e9m em rela\u00e7\u00e3o aos seus pr\u00f3prios anunciantes.<\/li><\/ol>\n\n\n\n<ol class=\"wp-block-list\" start=\"3\"><li>O&nbsp;<strong>A Voz de Cambra<\/strong>&nbsp;considera que os jornais devem ser independentes, porque s\u00f3 assim poder\u00e3o cumprir a sua fun\u00e7\u00e3o essencial perante a sociedade, que \u00e9 a de garantir o acesso livre dos seus leitores \u00e0 informa\u00e7\u00e3o e defender ativamente a liberdade de express\u00e3o.<\/li><\/ol>\n\n\n\n<ol class=\"wp-block-list\" start=\"4\"><li>Afirmando-se um jornal independente, o&nbsp;<strong>A Voz de Cambra<\/strong>&nbsp;n\u00e3o deixa, por\u00e9m, de ser um jornal de convic\u00e7\u00f5es pr\u00f3prias. E por isso assume que causas de cidadania, como a defesa das liberdades fundamentais e da democracia, de um ambiente saud\u00e1vel e sustent\u00e1vel, da l\u00edngua portuguesa e do patrim\u00f3nio hist\u00f3rico-cultural, do multiculturalismo, do incitamento \u00e0 participa\u00e7\u00e3o da sociedade civil na resolu\u00e7\u00e3o dos problemas da comunidade, devem ser divulgadas, sem preju\u00edzo do pluralismo de opini\u00e3o e de conceder voz a todas as correntes, nunca perdendo nem renunciando \u00e0 capacidade de cr\u00edtica.<\/li><\/ol>\n\n\n\n<ol class=\"wp-block-list\" start=\"5\"><li>O&nbsp;<strong>A<\/strong> <strong>Voz de Cambra<\/strong>&nbsp;rege-se pelos princ\u00edpios da deontologia dos jornalistas e da \u00e9tica profissional, pelo que afirma que quaisquer leis limitadoras da liberdade de express\u00e3o ter\u00e3o sempre a firme oposi\u00e7\u00e3o deste jornal e dos seus profissionais.<\/li><\/ol>\n\n\n\n<ol class=\"wp-block-list\" start=\"6\"><li>O&nbsp;<strong>A Voz de Cambra<\/strong>&nbsp;\u00e9 um jornal feito por jornalistas profissionais, pelo que se recusa a ser mero reposit\u00f3rio de notas de imprensa e informa\u00e7\u00f5es oficiais, antes promovendo o trabalho e a investiga\u00e7\u00e3o pr\u00f3pria, ainda que isso signifique custos acrescidos de produ\u00e7\u00e3o dos seus conte\u00fados.<\/li><\/ol>\n\n\n\n<ol class=\"wp-block-list\" start=\"7\"><li>O<strong>&nbsp;A Voz de Cambra<\/strong>&nbsp;rege-se pelo princ\u00edpio da objetividade e da independ\u00eancia no que diz respeito aos seus conte\u00fados noticiosos em todos os suportes. As suas not\u00edcias narram, relacionam e analisam os factos, para cujo apuramento ser\u00e3o ouvidas as diversas partes envolvidas.<\/li><\/ol>\n\n\n\n<ol class=\"wp-block-list\" start=\"8\"><li>O&nbsp;<strong>A<\/strong> <strong>Voz de Cambra<\/strong>&nbsp;\u00e9 um jornal tolerante e aberto a todas as opini\u00f5es, embora se reserve o direito de n\u00e3o publicar opini\u00f5es que considerar ofensivas. A opini\u00e3o publicada ser\u00e1 sempre assinada por quem a produz, sejam os jornalistas do&nbsp;<strong>A<\/strong> <strong>Voz de Cambra<\/strong>, sejam colunistas externos. O&nbsp;<strong>A Voz de Cambra <\/strong>&nbsp;n\u00e3o confundir\u00e1 nunca not\u00edcias com opini\u00e3o.<\/li><\/ol>\n\n\n\n<p><\/p>\n\n\n\n<div style=\"height:45px\" aria-hidden=\"true\" class=\"wp-block-spacer\"><\/div>\n","protected":false},"excerpt":{"rendered":"<p>A Voz de Cambra &#8211; jornal mensal Edi\u00e7\u00e3o: Qw\u00f4t &#8211; Comunica\u00e7\u00e3o e Design, Lda \u2014 NPC: 515804142&nbsp;\u2014&nbsp;detentor de mais de 10% do Capital Social Propriet\u00e1rio: Cristina Maria Santos Reda\u00e7\u00e3o e Administra\u00e7\u00e3o:&nbsp;Av. Camilo Tavares de Matos, n. 28 &#8211; Loja U3730 &#8211; 240 S. Pedro de Castel\u00f5esVale de Cambra Telefone: 256 186 902&nbsp;E-mail: geral@avozdecambra.pt &nbsp;Site: www.avozdecambra.pt<\/p>\n","protected":false},"author":1,"featured_media":0,"parent":0,"menu_order":0,"comment_status":"closed","ping_status":"closed","template":"","meta":{"_monsterinsights_skip_tracking":false,"_monsterinsights_sitenote_active":false,"_monsterinsights_sitenote_note":"","_monsterinsights_sitenote_category":0,"footnotes":""},"class_list":["post-13","page","type-page","status-publish"],"aioseo_notices":[],"_links":{"self":[{"href":"http:\/\/avozdecambra.pt\/index.php?rest_route=\/wp\/v2\/pages\/13","targetHints":{"allow":["GET"]}}],"collection":[{"href":"http:\/\/avozdecambra.pt\/index.php?rest_route=\/wp\/v2\/pages"}],"about":[{"href":"http:\/\/avozdecambra.pt\/index.php?rest_route=\/wp\/v2\/types\/page"}],"author":[{"embeddable":true,"href":"http:\/\/avozdecambra.pt\/index.php?rest_route=\/wp\/v2\/users\/1"}],"replies":[{"embeddable":true,"href":"http:\/\/avozdecambra.pt\/index.php?rest_route=%2Fwp%2Fv2%2Fcomments&post=13"}],"version-history":[{"count":29,"href":"http:\/\/avozdecambra.pt\/index.php?rest_route=\/wp\/v2\/pages\/13\/revisions"}],"predecessor-version":[{"id":9673,"href":"http:\/\/avozdecambra.pt\/index.php?rest_route=\/wp\/v2\/pages\/13\/revisions\/9673"}],"wp:attachment":[{"href":"http:\/\/avozdecambra.pt\/index.php?rest_route=%2Fwp%2Fv2%2Fmedia&parent=13"}],"curies":[{"name":"wp","href":"https:\/\/api.w.org\/{rel}","templated":true}]}}