{"id":3052,"date":"2021-05-20T14:20:11","date_gmt":"2021-05-20T14:20:11","guid":{"rendered":"http:\/\/avozdecambra.pt\/?page_id=3052"},"modified":"2021-06-03T22:45:06","modified_gmt":"2021-06-03T22:45:06","slug":"nwslttr","status":"publish","type":"page","link":"http:\/\/avozdecambra.pt\/?page_id=3052","title":{"rendered":"newsletter"},"content":{"rendered":"\n<figure class=\"wp-block-image size-large\"><img loading=\"lazy\" decoding=\"async\" width=\"1024\" height=\"198\" src=\"http:\/\/avozdecambra.pt\/wp-content\/uploads\/2021\/05\/ONLINE_2_2_smll-1024x198.jpg\" alt=\"\" class=\"wp-image-3073\" srcset=\"http:\/\/avozdecambra.pt\/wp-content\/uploads\/2021\/05\/ONLINE_2_2_smll-1024x198.jpg 1024w, http:\/\/avozdecambra.pt\/wp-content\/uploads\/2021\/05\/ONLINE_2_2_smll-300x58.jpg 300w, http:\/\/avozdecambra.pt\/wp-content\/uploads\/2021\/05\/ONLINE_2_2_smll-768x148.jpg 768w, http:\/\/avozdecambra.pt\/wp-content\/uploads\/2021\/05\/ONLINE_2_2_smll-1536x297.jpg 1536w, http:\/\/avozdecambra.pt\/wp-content\/uploads\/2021\/05\/ONLINE_2_2_smll.jpg 2024w\" sizes=\"auto, (max-width: 1024px) 100vw, 1024px\" \/><\/figure>\n\n\n\n<h4 class=\"wp-block-heading\"><strong>A informa\u00e7\u00e3o de proximidade com o rigor que se imp\u00f5e!<\/strong><\/h4>\n\n\n\n<p>Subscreva a newsletter semanal do Jornal Voz de Cambra e receba, todas as sextas-feiras, atualiza\u00e7\u00f5es semanais na sua caixa de email!<\/p>\n\n\n\n<!-- Begin Mailchimp Signup Form -->\n<link href=\"\/\/cdn-images.mailchimp.com\/embedcode\/classic-10_7.css\" rel=\"stylesheet\" type=\"text\/css\">\n<style type=\"text\/css\">\n\t#mc_embed_signup{background:#fff; clear:left; font:14px Helvetica,Arial,sans-serif; }\n\t\/* Add your own Mailchimp form style overrides in your site stylesheet or in this style block.\n\t   We recommend moving this block and the preceding CSS link to the HEAD of your HTML file. *\/\n<\/style>\n<div id=\"mc_embed_signup\">\n<form action=\"https:\/\/avozdecambra.us6.list-manage.com\/subscribe\/post?u=413a210ec930373f4b5c18e6d&amp;id=323320fc1f\" method=\"post\" id=\"mc-embedded-subscribe-form\" name=\"mc-embedded-subscribe-form\" class=\"validate\" target=\"_blank\" novalidate>\n    <div id=\"mc_embed_signup_scroll\">\n\t<h2>Subscribe<\/h2>\n<div class=\"indicates-required\"><span class=\"asterisk\">*<\/span> indicates required<\/div>\n<div class=\"mc-field-group\">\n\t<label for=\"mce-EMAIL\">Endere\u00e7o de email  <span class=\"asterisk\">*<\/span>\n<\/label>\n\t<input type=\"email\" value=\"\" name=\"EMAIL\" class=\"required email\" id=\"mce-EMAIL\">\n<\/div>\n<div class=\"mc-field-group\">\n\t<label for=\"mce-FNAME\">Primeiro Nome <\/label>\n\t<input type=\"text\" value=\"\" name=\"FNAME\" class=\"\" id=\"mce-FNAME\">\n<\/div>\n<div class=\"mc-field-group\">\n\t<label for=\"mce-LNAME\">\u00daltimo Nome <\/label>\n\t<input type=\"text\" value=\"\" name=\"LNAME\" class=\"\" id=\"mce-LNAME\">\n<\/div>\n\t<div id=\"mce-responses\" class=\"clear\">\n\t\t<div class=\"response\" id=\"mce-error-response\" style=\"display:none\"><\/div>\n\t\t<div class=\"response\" id=\"mce-success-response\" style=\"display:none\"><\/div>\n\t<\/div>    <!-- real people should not fill this in and expect good things - do not remove this or risk form bot signups-->\n    <div style=\"position: absolute; left: -5000px;\" aria-hidden=\"true\"><input type=\"text\" name=\"b_413a210ec930373f4b5c18e6d_323320fc1f\" tabindex=\"-1\" value=\"\"><\/div>\n    <div class=\"clear\"><input type=\"submit\" value=\"Subscribe\" name=\"subscribe\" id=\"mc-embedded-subscribe\" class=\"button\"><\/div>\n    <\/div>\n<\/form>\n<\/div>\n<script type='text\/javascript' src='\/\/s3.amazonaws.com\/downloads.mailchimp.com\/js\/mc-validate.js'><\/script><script type='text\/javascript'>(function($) {window.fnames = new Array(); window.ftypes = new Array();fnames[0]='EMAIL';ftypes[0]='email';fnames[1]='FNAME';ftypes[1]='text';fnames[2]='LNAME';ftypes[2]='text'; }(jQuery));var $mcj = jQuery.noConflict(true);<\/script>\n<!--End mc_embed_signup-->\n","protected":false},"excerpt":{"rendered":"<p>A informa\u00e7\u00e3o de proximidade com o rigor que se imp\u00f5e! Subscreva a newsletter semanal do Jornal Voz de Cambra e receba, todas as sextas-feiras, atualiza\u00e7\u00f5es semanais na sua caixa de email! Subscribe * indicates required Endere\u00e7o de email * Primeiro Nome \u00daltimo Nome<\/p>\n","protected":false},"author":2,"featured_media":0,"parent":0,"menu_order":0,"comment_status":"closed","ping_status":"closed","template":"","meta":{"_monsterinsights_skip_tracking":false,"_monsterinsights_sitenote_active":false,"_monsterinsights_sitenote_note":"","_monsterinsights_sitenote_category":0,"footnotes":""},"class_list":["post-3052","page","type-page","status-publish"],"aioseo_notices":[],"_links":{"self":[{"href":"http:\/\/avozdecambra.pt\/index.php?rest_route=\/wp\/v2\/pages\/3052","targetHints":{"allow":["GET"]}}],"collection":[{"href":"http:\/\/avozdecambra.pt\/index.php?rest_route=\/wp\/v2\/pages"}],"about":[{"href":"http:\/\/avozdecambra.pt\/index.php?rest_route=\/wp\/v2\/types\/page"}],"author":[{"embeddable":true,"href":"http:\/\/avozdecambra.pt\/index.php?rest_route=\/wp\/v2\/users\/2"}],"replies":[{"embeddable":true,"href":"http:\/\/avozdecambra.pt\/index.php?rest_route=%2Fwp%2Fv2%2Fcomments&post=3052"}],"version-history":[{"count":10,"href":"http:\/\/avozdecambra.pt\/index.php?rest_route=\/wp\/v2\/pages\/3052\/revisions"}],"predecessor-version":[{"id":3178,"href":"http:\/\/avozdecambra.pt\/index.php?rest_route=\/wp\/v2\/pages\/3052\/revisions\/3178"}],"wp:attachment":[{"href":"http:\/\/avozdecambra.pt\/index.php?rest_route=%2Fwp%2Fv2%2Fmedia&parent=3052"}],"curies":[{"name":"wp","href":"https:\/\/api.w.org\/{rel}","templated":true}]}}